{"id":2,"date":"2026-02-19T13:01:37","date_gmt":"2026-02-19T13:01:37","guid":{"rendered":"http:\/\/le-caf-de-toulouse.local\/?page_id=2"},"modified":"2026-03-20T07:52:14","modified_gmt":"2026-03-20T07:52:14","slug":"sample-page","status":"publish","type":"page","link":"https:\/\/lecafedetoulouse.fr\/","title":{"rendered":"Accueil"},"content":{"rendered":"","protected":false},"excerpt":{"rendered":"","protected":false},"author":1,"featured_media":0,"parent":0,"menu_order":0,"comment_status":"closed","ping_status":"closed","template":"","meta":{"_acf_changed":false,"footnotes":""},"class_list":["post-2","page","type-page","status-publish","hentry"],"acf":{"dot_layouts":[{"acf_fc_layout":"page-dattente","left_image":99,"logo_image":105,"sticker_top_left":104,"sticker_middle_left":101,"sticker_bottom_left":100,"sticker_haut_droit":103,"eyebrow_left":{"line_1":"Bistrot","line_2":"de quartier"},"eyebrow_right_top":"Le gout du quotidien","eyebrow_right_middle":{"line_1":"Cuisine","line_2":"de saison"},"heading_prefix":"Le bistrot est ouvert","heading_highlight":"du matin au soir","jours_douvertures":"Ouvert du jeudi au lundi Ferm\u00e9 mardi et mercredi","opening_days_columns":[{"lines":[{"text":"Horaires d\u2019ouverture"},{"text":"D\u00e8s 8h en semaine\u2028"},{"text":"D\u00e8s 9h le week-end"}]},{"lines":[{"text":"Horaires Cuisine"},{"text":"De 12h \u00e0 15h "},{"text":"Puis de 19h \u00e0 23h"}]}],"intro_text":"Au c\u0153ur de Saint-Cyprien, c\u2019est un bistrot \u00e0 notre image : simple, sinc\u00e8re et vivant. \r\nIci, nous mettons \u00e0 l\u2019honneur des produits locaux de qualit\u00e9, tout en veillant \u00e0 proposer des prix justes et accessibles.","body_text":"Plus qu\u2019un simple lieu o\u00f9 l\u2019on consomme, c\u2019est un v\u00e9ritable espace de vie : un endroit o\u00f9 l\u2019on se retrouve, o\u00f9 l\u2019on \u00e9change, du caf\u00e9 du matin au d\u00e9jeuner, jusqu\u2019aux moments conviviaux de fin de journ\u00e9e.","address_line_1":"2 GD RUE SAINT-NICOLAS","address_line_2":"31300 TOULOUSE"}]},"_links":{"self":[{"href":"https:\/\/lecafedetoulouse.fr\/index.php\/wp-json\/wp\/v2\/pages\/2","targetHints":{"allow":["GET"]}}],"collection":[{"href":"https:\/\/lecafedetoulouse.fr\/index.php\/wp-json\/wp\/v2\/pages"}],"about":[{"href":"https:\/\/lecafedetoulouse.fr\/index.php\/wp-json\/wp\/v2\/types\/page"}],"author":[{"embeddable":true,"href":"https:\/\/lecafedetoulouse.fr\/index.php\/wp-json\/wp\/v2\/users\/1"}],"replies":[{"embeddable":true,"href":"https:\/\/lecafedetoulouse.fr\/index.php\/wp-json\/wp\/v2\/comments?post=2"}],"version-history":[{"count":10,"href":"https:\/\/lecafedetoulouse.fr\/index.php\/wp-json\/wp\/v2\/pages\/2\/revisions"}],"predecessor-version":[{"id":124,"href":"https:\/\/lecafedetoulouse.fr\/index.php\/wp-json\/wp\/v2\/pages\/2\/revisions\/124"}],"wp:attachment":[{"href":"https:\/\/lecafedetoulouse.fr\/index.php\/wp-json\/wp\/v2\/media?parent=2"}],"curies":[{"name":"wp","href":"https:\/\/api.w.org\/{rel}","templated":true}]}}